{"id":2015,"date":"2024-07-15T17:10:13","date_gmt":"2024-07-15T17:10:13","guid":{"rendered":"https:\/\/jabiru-clothing.com\/product\/goldfinch-embroidered-t-shirt-unisex\/"},"modified":"2024-07-29T22:44:44","modified_gmt":"2024-07-29T22:44:44","slug":"goldfinch-embroidered-t-shirt-unisex","status":"publish","type":"product","link":"https:\/\/jabiru-clothing.com\/de\/produkt\/goldfinch-embroidered-t-shirt-unisex\/","title":{"rendered":"Goldfinch Embroidered T-Shirt &#8211; Unisex"},"content":{"rendered":"<p><strong>Goldfinch Embroidered T-Shirt<\/strong><\/p>\n<p>The beautiful Goldfinch is a a very sociable bird, often traveling and twittering in loose groups.\u00a0Show your love for birds and get a t-shirt of this beautiful bird!<\/p>\n<p>F\u00fcr jeden Kauf spenden wir $2 an ausgew\u00e4hlte Vogelschutzprojekte. Weitere Informationen \u00fcber unsere Partner findet ihr <a href=\"\/de\/our-partners\/\">hier<\/a>.<\/p>\n<p>This denim t-shirt is made out of 100% combed cotton and has a classic rounded neckline with ribbed sleeve cuffs. It&#8217;s soft, comfortable, and a must-have for every bird enthusiast!<\/p>\n<p>\u2022 100% combed cotton<br \/>\n\u2022 Fabric weight: 4.7 oz.\/yd.\u00b2 (160 g\/m\u00b2)<br \/>\n\u2022 Rounded neckline<br \/>\n\u2022 Short-sleeved with 1&#215;1 ribbed cuffs<br \/>\n\u2022 Rohprodukt bezogen aus Bangladesch<\/p>\n<p>Dieses Produkt wird exklusiv f\u00fcr Euch hergestellt, sobald ihr bestellt, weswegen es ein wenig l\u00e4nger dauert bis es geliefert wird. Die \"on-demand\" Herstellung hilft, \u00dcberproduktion zu reduzieren. Danke, dass ihr bedachte Kaufentscheidungen trefft!<\/p>","protected":false},"excerpt":{"rendered":"<p>The beautiful Goldfinch is a a very sociable bird, often traveling and twittering in loose groups.\u00a0Show your love for birds and get a t-shirt of this beautiful bird!<\/p>\n<p>F\u00fcr jeden Kauf spenden wir $2 an ausgew\u00e4hlte Vogelschutzprojekte. Weitere Informationen \u00fcber unsere Partner findet ihr <a href=\"\/de\/our-partners\/\">hier<\/a>.<\/p>\n<ul>\n<li>Color: Olive denim<\/li>\n<li>Stoff: 100% Baumwolle<\/li>\n<li>Fit: Relaxed<\/li>\n<\/ul>","protected":false},"featured_media":2023,"template":"","meta":{"neve_meta_sidebar":"","neve_meta_container":"","neve_meta_enable_content_width":"off","neve_meta_content_width":100,"neve_meta_title_alignment":"","neve_meta_author_avatar":"","neve_post_elements_order":"","neve_meta_disable_header":"","neve_meta_disable_footer":"","neve_meta_disable_title":"","neve_meta_reading_time":"","_themeisle_gutenberg_block_has_review":false},"product_brand":[],"product_cat":[29,32,58],"product_tag":[],"class_list":{"0":"post-2015","1":"product","2":"type-product","3":"status-publish","4":"has-post-thumbnail","6":"product_cat-europe","7":"product_cat-europe-mens","8":"product_cat-europe-womens","10":"first","11":"instock","12":"taxable","13":"shipping-taxable","14":"purchasable","15":"product-type-variable"},"_links":{"self":[{"href":"https:\/\/jabiru-clothing.com\/de\/wp-json\/wp\/v2\/product\/2015","targetHints":{"allow":["GET"]}}],"collection":[{"href":"https:\/\/jabiru-clothing.com\/de\/wp-json\/wp\/v2\/product"}],"about":[{"href":"https:\/\/jabiru-clothing.com\/de\/wp-json\/wp\/v2\/types\/product"}],"wp:featuredmedia":[{"embeddable":true,"href":"https:\/\/jabiru-clothing.com\/de\/wp-json\/wp\/v2\/media\/2023"}],"wp:attachment":[{"href":"https:\/\/jabiru-clothing.com\/de\/wp-json\/wp\/v2\/media?parent=2015"}],"wp:term":[{"taxonomy":"product_brand","embeddable":true,"href":"https:\/\/jabiru-clothing.com\/de\/wp-json\/wp\/v2\/product_brand?post=2015"},{"taxonomy":"product_cat","embeddable":true,"href":"https:\/\/jabiru-clothing.com\/de\/wp-json\/wp\/v2\/product_cat?post=2015"},{"taxonomy":"product_tag","embeddable":true,"href":"https:\/\/jabiru-clothing.com\/de\/wp-json\/wp\/v2\/product_tag?post=2015"}],"curies":[{"name":"wp","href":"https:\/\/api.w.org\/{rel}","templated":true}]}}