{"id":1996,"date":"2024-05-01T15:04:50","date_gmt":"2024-05-01T15:04:50","guid":{"rendered":"https:\/\/jabiru-clothing.com\/product\/common-crane-t-shirt-unisex\/"},"modified":"2024-05-01T15:18:11","modified_gmt":"2024-05-01T15:18:11","slug":"common-crane-t-shirt","status":"publish","type":"product","link":"https:\/\/jabiru-clothing.com\/de\/produkt\/common-crane-t-shirt\/","title":{"rendered":"Common Crane T-Shirt &#8211; Unisex"},"content":{"rendered":"<h4>Common Crane T-Shirt &#8211; Unisex<\/h4>\n<p>Stately. Refined. Elegant. Adjectives to describe the Common Crane are easy to come by. Their arrival in Central Europe from their mediterranean wintering grounds also signals the advent of spring. In the UK, the Common Crane was lost as a breeding species around 400 years ago. <a href=\"https:\/\/www.rspb.org.uk\/whats-happening\/news\/the-great-crane-project\">The Great Crane Project<\/a> is working to reintroduce this marvellous species.<br \/>\nOur Crane t-shirt captures the beginning of this beautiful season.<\/p>\n<p>F\u00fcr jeden Kauf spenden wir $2 an ausgew\u00e4hlte Vogelschutzprojekte. Weitere Informationen \u00fcber unsere Partner findet ihr <a href=\"\/de\/our-partners\/\">hier<\/a>.<\/p>\n<p>\u2022 100% gek\u00e4mmte und ringgesponnene Baumwolle<br \/>\n\u2022 Stoffgewicht: 142 g\/m\u00b2 (4.2 oz.\/yd.\u00b2)<br \/>\n\u2022 Vorgewaschener Stoff (Pre-shrunk)<br \/>\n\u2022 Seitlich vern\u00e4ht<br \/>\n\u2022 Schulter-zu-Schulter-Taping<br \/>\n\u2022 Rohprodukt aus Nicaragua, Mexiko, Honduras oder den USA<\/p>\n<p>Our Common Crane T-Shirt convinces with its soft quality and offers optimal wearing comfort with 100% cotton. Learn more about these beautiful little birds <a href=\"https:\/\/www.discoverwildlife.com\/animal-facts\/birds\/facts-about-common-cranes\">hier<\/a>.<\/p>\n<p>Dieses Produkt wird exklusiv f\u00fcr Euch hergestellt, sobald ihr bestellt, weswegen es ein wenig l\u00e4nger dauert bis es geliefert wird. Die \"on-demand\" Herstellung hilft, \u00dcberproduktion zu reduzieren. Danke, dass ihr bedachte Kaufentscheidungen trefft!<\/p>\n<p>R\u00fcckverfolgbarkeit<br \/>\n&#8211; Weaving\u2014India, South Korea<br \/>\n&#8211; Dyeing\u2014El Salvador, California<br \/>\n&#8211; Manufacturing\u2014Nicaragua, Mexico, Honduras, or the US<br \/>\nEnth\u00e4lt 0% recycletes Polyester<br \/>\nEnth\u00e4lt 0% gef\u00e4hrliche Stoffe<\/p>","protected":false},"excerpt":{"rendered":"<p>Stately. Refined. Elegant. Adjectives to describe the Common Crane are easy to come by. Their arrival in Central Europe from their mediterranean wintering grounds also signals the advent of spring.\u00a0Our Common Crane T-Shirt captures the beginning of this beautiful season.<\/p>\n<p>F\u00fcr jeden Kauf spenden wir $2 an ausgew\u00e4hlte Vogelschutzprojekte. Weitere Informationen \u00fcber unsere Partner findet ihr <a href=\"\/de\/our-partners\/\">hier<\/a>.<\/p>\n<ul>\n<li>Color: Citron<\/li>\n<li>Stoff: 100% Baumwolle<\/li>\n<li>Passform: Regular<\/li>\n<\/ul>","protected":false},"featured_media":2007,"template":"","meta":{"neve_meta_sidebar":"","neve_meta_container":"","neve_meta_enable_content_width":"off","neve_meta_content_width":100,"neve_meta_title_alignment":"","neve_meta_author_avatar":"","neve_post_elements_order":"","neve_meta_disable_header":"","neve_meta_disable_footer":"","neve_meta_disable_title":"","neve_meta_reading_time":"","_themeisle_gutenberg_block_has_review":false},"product_brand":[],"product_cat":[29,32,58],"product_tag":[],"class_list":{"0":"post-1996","1":"product","2":"type-product","3":"status-publish","4":"has-post-thumbnail","6":"product_cat-europe","7":"product_cat-europe-mens","8":"product_cat-europe-womens","10":"first","11":"instock","12":"taxable","13":"shipping-taxable","14":"purchasable","15":"product-type-variable"},"_links":{"self":[{"href":"https:\/\/jabiru-clothing.com\/de\/wp-json\/wp\/v2\/product\/1996","targetHints":{"allow":["GET"]}}],"collection":[{"href":"https:\/\/jabiru-clothing.com\/de\/wp-json\/wp\/v2\/product"}],"about":[{"href":"https:\/\/jabiru-clothing.com\/de\/wp-json\/wp\/v2\/types\/product"}],"wp:featuredmedia":[{"embeddable":true,"href":"https:\/\/jabiru-clothing.com\/de\/wp-json\/wp\/v2\/media\/2007"}],"wp:attachment":[{"href":"https:\/\/jabiru-clothing.com\/de\/wp-json\/wp\/v2\/media?parent=1996"}],"wp:term":[{"taxonomy":"product_brand","embeddable":true,"href":"https:\/\/jabiru-clothing.com\/de\/wp-json\/wp\/v2\/product_brand?post=1996"},{"taxonomy":"product_cat","embeddable":true,"href":"https:\/\/jabiru-clothing.com\/de\/wp-json\/wp\/v2\/product_cat?post=1996"},{"taxonomy":"product_tag","embeddable":true,"href":"https:\/\/jabiru-clothing.com\/de\/wp-json\/wp\/v2\/product_tag?post=1996"}],"curies":[{"name":"wp","href":"https:\/\/api.w.org\/{rel}","templated":true}]}}