{"id":1936,"date":"2024-04-16T23:40:14","date_gmt":"2024-04-16T23:40:14","guid":{"rendered":"https:\/\/jabiru-clothing.com\/product\/vermilion-flycatcher-womens-t-shirt\/"},"modified":"2024-04-20T14:17:23","modified_gmt":"2024-04-20T14:17:23","slug":"vermilion-flycatcher-t-shirt-womens","status":"publish","type":"product","link":"https:\/\/jabiru-clothing.com\/de\/produkt\/vermilion-flycatcher-t-shirt-womens\/","title":{"rendered":"Vermilion Flycatcher Women&#8217;s T-Shirt"},"content":{"rendered":"<p><strong>Vermilion Flycatcher Women&#8217;s T-Shirt<\/strong><\/p>\n<p>In Teilen Mexikos wird dieser Vogel als gutes Omen gesehen <a href=\"https:\/\/www.southwhidbeyrecord.com\/life\/vermilion-flycatcher-captures-our-hearts-imaginations-whidbey-birding\/#:~:text=The%20locals%20call%20this%20bird,could%20be%20in%20the%20offering.\">(siehe hier)<\/a> \u2013 but only if he turns towards the observer to show his spectacular red (\u201cvermilion\u201d) underside. If he merely exposes his black upper wings bad luck might be on the way. Or you just walk around a little bit, you know. We love them regardless.<\/p>\n<p>F\u00fcr jeden Kauf spenden wir $2 an ausgew\u00e4hlte Vogelschutzprojekte. Weitere Informationen \u00fcber unsere Partner findet ihr <a href=\"\/de\/our-partners\/\">hier<\/a>.<\/p>\n<p>\u2022 Heather colors are 52% cotton, 48% polyester<br \/>\n\u2022 Fabric weight: 4.2 oz\/y\u00b2 (142 g\/m\u00b2)<br \/>\n\u2022 Relaxed fit<br \/>\n\u2022 Vorgewaschener Stoff (Pre-shrunk)<br \/>\n\u2022 Seitlich vern\u00e4ht<br \/>\n\u2022 Crew neck<br \/>\n\u2022 Blank product sourced from Nicaragua, Honduras, or the US<\/p>\n<p>Our Vermilion Flycatcher Women&#8217;s T-Shirt convinces with its soft quality and offers optimal wearing comfort.<\/p>\n<p>Dieses Produkt wird exklusiv f\u00fcr Euch hergestellt, sobald ihr bestellt, weswegen es ein wenig l\u00e4nger dauert bis es geliefert wird. Die \"on-demand\" Herstellung hilft, \u00dcberproduktion zu reduzieren. Danke, dass ihr bedachte Kaufentscheidungen trefft!<\/p>\n<p>Traceability:<br \/>\n&#8211; Weaving\u2014India, South Korea<br \/>\n&#8211; Dyeing\u2014El Salvador, California<br \/>\n&#8211; Manufacturing\u2014Nicaragua, Mexico, Honduras, or the US<\/p>\n<p>Contains 0% recycled polyester<br \/>\nContains 0% dangerous substances<\/p>","protected":false},"excerpt":{"rendered":"<p>In Teilen Mexikos wird dieser kleine Vogel als Gl\u00fccksbringer angesehen. Aber nur, wenn er dem Beobachter seine rubinrote Unterseite pr\u00e4sentiert. Zeigt er nur seine schwarzen Fl\u00fcgel, k\u00f6nnte Ungl\u00fcck unterwegs sein. Wir lieben die Kleinen in jedem Fall.<\/p>\n<p>F\u00fcr jeden Kauf spenden wir $2 an ausgew\u00e4hlte Vogelschutzprojekte. Weitere Informationen \u00fcber unsere Partner findet ihr <a href=\"\/de\/our-partners\/\">hier<\/a>.<\/p>\n<ul>\n<li>Farbe: Heather Dust<\/li>\n<li>Material: Baumwolle, Heather enth\u00e4lt Polyester<\/li>\n<li>Fit: Relaxed<\/li>\n<\/ul>","protected":false},"featured_media":1945,"template":"","meta":{"neve_meta_sidebar":"","neve_meta_container":"","neve_meta_enable_content_width":"off","neve_meta_content_width":100,"neve_meta_title_alignment":"","neve_meta_author_avatar":"","neve_post_elements_order":"","neve_meta_disable_header":"","neve_meta_disable_footer":"","neve_meta_disable_title":"","neve_meta_reading_time":"","_themeisle_gutenberg_block_has_review":false},"product_brand":[],"product_cat":[57,59],"product_tag":[229,231,230,144,121,143],"class_list":{"0":"post-1936","1":"product","2":"type-product","3":"status-publish","4":"has-post-thumbnail","6":"product_cat-latinamerica","7":"product_cat-latinamerica-womens","8":"product_tag-t-shirt","9":"product_tag-t-shirts","10":"product_tag-tee","11":"product_tag-tees","12":"product_tag-women","13":"product_tag-womens","15":"first","16":"instock","17":"taxable","18":"shipping-taxable","19":"purchasable","20":"product-type-variable"},"_links":{"self":[{"href":"https:\/\/jabiru-clothing.com\/de\/wp-json\/wp\/v2\/product\/1936","targetHints":{"allow":["GET"]}}],"collection":[{"href":"https:\/\/jabiru-clothing.com\/de\/wp-json\/wp\/v2\/product"}],"about":[{"href":"https:\/\/jabiru-clothing.com\/de\/wp-json\/wp\/v2\/types\/product"}],"wp:featuredmedia":[{"embeddable":true,"href":"https:\/\/jabiru-clothing.com\/de\/wp-json\/wp\/v2\/media\/1945"}],"wp:attachment":[{"href":"https:\/\/jabiru-clothing.com\/de\/wp-json\/wp\/v2\/media?parent=1936"}],"wp:term":[{"taxonomy":"product_brand","embeddable":true,"href":"https:\/\/jabiru-clothing.com\/de\/wp-json\/wp\/v2\/product_brand?post=1936"},{"taxonomy":"product_cat","embeddable":true,"href":"https:\/\/jabiru-clothing.com\/de\/wp-json\/wp\/v2\/product_cat?post=1936"},{"taxonomy":"product_tag","embeddable":true,"href":"https:\/\/jabiru-clothing.com\/de\/wp-json\/wp\/v2\/product_tag?post=1936"}],"curies":[{"name":"wp","href":"https:\/\/api.w.org\/{rel}","templated":true}]}}