{"id":1852,"date":"2024-04-01T03:31:19","date_gmt":"2024-04-01T03:31:19","guid":{"rendered":"https:\/\/jabiru-clothing.com\/product\/ivory-billed-woodpecker-unisex-t-shirt\/"},"modified":"2024-04-17T15:04:41","modified_gmt":"2024-04-17T15:04:41","slug":"ivory-billed-woodpecker-t-shirt","status":"publish","type":"product","link":"https:\/\/jabiru-clothing.com\/de\/produkt\/ivory-billed-woodpecker-t-shirt\/","title":{"rendered":"Ivory-billed Woodpecker T-Shirt &#8211; Unisex"},"content":{"rendered":"<p><strong>Ivory-Billed Woodpecker T-Shirt &#8211; Unisex<\/strong><\/p>\n<p>Totally not extinct*, the Ivory-Billed Woodpecker is truly a sight to behold. Well, if you can find one.<br \/>\nThis magnificent woodpecker has a unique trait not shared by any other bird: It appears to be allergic to pixels!<br \/>\nLet&#8217;s make sure this disease doesn&#8217;t spread. Get a t-shirt of this beautiful bird, and let&#8217;s jointly protect habitats.<\/p>\n<p>F\u00fcr jeden Kauf spenden wir $2 an ausgew\u00e4hlte Vogelschutzprojekte. Weitere Informationen \u00fcber unsere Partner findet ihr <a href=\"\/de\/our-partners\/\">hier<\/a>.<\/p>\n<p>\u2022 100% gek\u00e4mmte und ringgesponnene Baumwolle<br \/>\n\u2022 Stoffgewicht: 142 g\/m\u00b2 (4.2 oz.\/yd.\u00b2)<br \/>\n\u2022 Vorgewaschener Stoff (Pre-shrunk)<br \/>\n\u2022 Seitlich vern\u00e4ht<br \/>\n\u2022 Schulter-zu-Schulter-Taping<br \/>\n\u2022 Rohprodukt aus Nicaragua, Mexiko, Honduras oder den USA<\/p>\n<p>Our Ivory-Billed Woodpecker T-Shirt convinces with its soft quality and offers optimal wearing comfort with 100% cotton. Stay up to date on the latest and greatest news regarding Ivory-Billed Woodpeckers on the site formerly known as <a href=\"https:\/\/twitter.com\/ibwo_discourse?lang=en\">twitter<\/a>.<\/p>\n<p>Dieses Produkt wird exklusiv f\u00fcr Euch hergestellt, sobald ihr bestellt, weswegen es ein wenig l\u00e4nger dauert bis es geliefert wird. Die \"on-demand\" Herstellung hilft, \u00dcberproduktion zu reduzieren. Danke, dass ihr bedachte Kaufentscheidungen trefft!<\/p>\n<p>R\u00fcckverfolgbarkeit<br \/>\n&#8211; Weaving\u2014India, South Korea<br \/>\n&#8211; Dyeing\u2014El Salvador, California<br \/>\n&#8211; Manufacturing\u2014Nicaragua, Mexico, Honduras, or the US<br \/>\nEnth\u00e4lt 0% recycletes Polyester<br \/>\nEnth\u00e4lt 0% gef\u00e4hrliche Stoffe<\/p>\n<p>*as of yet and US Fish &amp; Wildlife<\/p>","protected":false},"excerpt":{"rendered":"<p>Totally not extinct*, the Ivory-Billed Woodpecker is truly a sight to behold. Well, if you can find one.<br \/>\nThis magnificent woodepcker has a unique trait not shared by any other bird: It appears to be allergic to pixels!<br \/>\nLet&#8217;s make sure this disease doesn&#8217;t spread. Get a t-shirt of this beautiful bird, and let&#8217;s jointly protect habitats.<\/p>\n<p>F\u00fcr jeden Kauf spenden wir $2 an ausgew\u00e4hlte Vogelschutzprojekte. Weitere Informationen \u00fcber unsere Partner findet ihr <a href=\"\/de\/our-partners\/\">hier<\/a>.<\/p>\n<ul>\n<li>Color: Soft Cream<\/li>\n<li>Stoff: 100% Baumwolle<\/li>\n<li>Passform: Regular<\/li>\n<\/ul>\n<p>*as of now and per US Fish &amp; Wildlife<\/p>","protected":false},"featured_media":1903,"template":"","meta":{"neve_meta_sidebar":"","neve_meta_container":"","neve_meta_enable_content_width":"off","neve_meta_content_width":100,"neve_meta_title_alignment":"","neve_meta_author_avatar":"","neve_post_elements_order":"","neve_meta_disable_header":"","neve_meta_disable_footer":"","neve_meta_disable_title":"","neve_meta_reading_time":"","_themeisle_gutenberg_block_has_review":false},"product_brand":[],"product_cat":[57,55,59],"product_tag":[120,142,229,231,230,144,121,143],"class_list":{"0":"post-1852","1":"product","2":"type-product","3":"status-publish","4":"has-post-thumbnail","6":"product_cat-latinamerica","7":"product_cat-latinamerica-mens","8":"product_cat-latinamerica-womens","9":"product_tag-men","10":"product_tag-mens","11":"product_tag-t-shirt","12":"product_tag-t-shirts","13":"product_tag-tee","14":"product_tag-tees","15":"product_tag-women","16":"product_tag-womens","18":"first","19":"instock","20":"taxable","21":"shipping-taxable","22":"purchasable","23":"product-type-variable"},"_links":{"self":[{"href":"https:\/\/jabiru-clothing.com\/de\/wp-json\/wp\/v2\/product\/1852","targetHints":{"allow":["GET"]}}],"collection":[{"href":"https:\/\/jabiru-clothing.com\/de\/wp-json\/wp\/v2\/product"}],"about":[{"href":"https:\/\/jabiru-clothing.com\/de\/wp-json\/wp\/v2\/types\/product"}],"wp:featuredmedia":[{"embeddable":true,"href":"https:\/\/jabiru-clothing.com\/de\/wp-json\/wp\/v2\/media\/1903"}],"wp:attachment":[{"href":"https:\/\/jabiru-clothing.com\/de\/wp-json\/wp\/v2\/media?parent=1852"}],"wp:term":[{"taxonomy":"product_brand","embeddable":true,"href":"https:\/\/jabiru-clothing.com\/de\/wp-json\/wp\/v2\/product_brand?post=1852"},{"taxonomy":"product_cat","embeddable":true,"href":"https:\/\/jabiru-clothing.com\/de\/wp-json\/wp\/v2\/product_cat?post=1852"},{"taxonomy":"product_tag","embeddable":true,"href":"https:\/\/jabiru-clothing.com\/de\/wp-json\/wp\/v2\/product_tag?post=1852"}],"curies":[{"name":"wp","href":"https:\/\/api.w.org\/{rel}","templated":true}]}}