{"id":1783,"date":"2024-03-11T03:22:53","date_gmt":"2024-03-11T03:22:53","guid":{"rendered":"https:\/\/jabiru-clothing.com\/product\/unisex-t-shirt-7\/"},"modified":"2024-04-17T15:13:50","modified_gmt":"2024-04-17T15:13:50","slug":"murre-tshirt","status":"publish","type":"product","link":"https:\/\/jabiru-clothing.com\/de\/produkt\/murre-tshirt\/","title":{"rendered":"Murre T-Shirt &#8211; Unisex"},"content":{"rendered":"<p><strong>Murre T-Shirt<\/strong><\/p>\n<p>Inspiriert von den schroffen Felsen der deutschen Hochseeinsel Helgoland mit ihren Seevogelkolonien ist dieses Design eines unserer Lieblinge und mit f\u00fcr unsere Europa Kollektion verantwortlich. Im Juni findet ein unvergleichliches Naturschauspiel statt: Die jungen Trottellummen st\u00fcrzen sich von ihren Nestern tief in Richtung Meer - der Lummensprung. Dieses T-Shirt feiert die Insel Helgoland und ihre gefiederten Bewohner und G\u00e4ste.<\/p>\n<p>F\u00fcr jeden Kauf spenden wir $2 an ausgew\u00e4hlte Vogelschutzprojekte. Weitere Informationen \u00fcber unsere Partner findet ihr <a href=\"\/de\/our-partners\/\">hier<\/a>.<\/p>\n<p>\u2022 100% gek\u00e4mmte und ringgesponnene Baumwolle<br \/>\n\u2022 Stoffgewicht: 142 g\/m\u00b2 (4.2 oz.\/yd.\u00b2)<br \/>\n\u2022 Vorgewaschener Stoff (Pre-shrunk)<br \/>\n\u2022 Seitlich vern\u00e4ht<br \/>\n\u2022 Schulter-zu-Schulter-Taping<br \/>\n\u2022 Rohprodukt aus Nicaragua, Mexiko, Honduras oder den USA<\/p>\n<p>Unser Trottellumme T-Shirt \u00fcberzeugt mit weicher Qualit\u00e4t und bietet optimalen Tragekomfort von 100% Baumwolle. Lernt mehr \u00fcber Trottellummen unter diesem Link <a href=\"https:\/\/www.rspb.org.uk\/birds-and-wildlife\/wildlife-guides\/bird-a-z\/guillemot\/\">hier<\/a>.<\/p>\n<p>Dieses Produkt wird exklusiv f\u00fcr Euch hergestellt, sobald ihr bestellt, weswegen es ein wenig l\u00e4nger dauert bis es geliefert wird. Die \"on-demand\" Herstellung hilft, \u00dcberproduktion zu reduzieren. Danke, dass ihr bedachte Kaufentscheidungen trefft!<\/p>\n<p>Traceability:<br \/>\n&#8211; Weaving\u2014India, South Korea<br \/>\n&#8211; Dyeing\u2014El Salvador, California<br \/>\n&#8211; Manufacturing\u2014Nicaragua, Mexico, Honduras, or the US<\/p>\n<p>Contains 0% recycled polyester<br \/>\nContains 0% dangerous substances<\/p>","protected":false},"excerpt":{"rendered":"<p>Inspiriert von den schroffen Felsen der deutschen Hochseeinsel Helgoland mit ihren Seevogelkolonien ist dieses Design eines unserer Lieblinge und mit f\u00fcr unsere Europa Kollektion verantwortlich. Im Juni findet ein unvergleichliches Naturschauspiel statt: Die jungen Trottellummen st\u00fcrzen sich von ihren Nestern tief in Richtung Meer - der Lummensprung. Dieses T-Shirt feiert die Insel Helgoland und ihre gefiederten Bewohner und G\u00e4ste.<\/p>\n<p>F\u00fcr jeden Kauf spenden wir $2 an ausgew\u00e4hlte Vogelschutzprojekte. Weitere Informationen \u00fcber unsere Partner findet ihr <a href=\"\/de\/our-partners\/\">hier<\/a>.<\/p>\n<ul>\n<li>Farbe: Pebble<\/li>\n<li>Material: 100%  Baumwolle<\/li>\n<li>Passform: Regular<\/li>\n<\/ul>","protected":false},"featured_media":1905,"template":"","meta":{"neve_meta_sidebar":"","neve_meta_container":"","neve_meta_enable_content_width":"off","neve_meta_content_width":100,"neve_meta_title_alignment":"","neve_meta_author_avatar":"","neve_post_elements_order":"","neve_meta_disable_header":"","neve_meta_disable_footer":"","neve_meta_disable_title":"","neve_meta_reading_time":"","_themeisle_gutenberg_block_has_review":false},"product_brand":[],"product_cat":[29,32,58],"product_tag":[120,142,230,144,121,143],"class_list":{"0":"post-1783","1":"product","2":"type-product","3":"status-publish","4":"has-post-thumbnail","6":"product_cat-europe","7":"product_cat-europe-mens","8":"product_cat-europe-womens","9":"product_tag-men","10":"product_tag-mens","11":"product_tag-tee","12":"product_tag-tees","13":"product_tag-women","14":"product_tag-womens","16":"first","17":"instock","18":"taxable","19":"shipping-taxable","20":"purchasable","21":"product-type-variable"},"_links":{"self":[{"href":"https:\/\/jabiru-clothing.com\/de\/wp-json\/wp\/v2\/product\/1783","targetHints":{"allow":["GET"]}}],"collection":[{"href":"https:\/\/jabiru-clothing.com\/de\/wp-json\/wp\/v2\/product"}],"about":[{"href":"https:\/\/jabiru-clothing.com\/de\/wp-json\/wp\/v2\/types\/product"}],"wp:featuredmedia":[{"embeddable":true,"href":"https:\/\/jabiru-clothing.com\/de\/wp-json\/wp\/v2\/media\/1905"}],"wp:attachment":[{"href":"https:\/\/jabiru-clothing.com\/de\/wp-json\/wp\/v2\/media?parent=1783"}],"wp:term":[{"taxonomy":"product_brand","embeddable":true,"href":"https:\/\/jabiru-clothing.com\/de\/wp-json\/wp\/v2\/product_brand?post=1783"},{"taxonomy":"product_cat","embeddable":true,"href":"https:\/\/jabiru-clothing.com\/de\/wp-json\/wp\/v2\/product_cat?post=1783"},{"taxonomy":"product_tag","embeddable":true,"href":"https:\/\/jabiru-clothing.com\/de\/wp-json\/wp\/v2\/product_tag?post=1783"}],"curies":[{"name":"wp","href":"https:\/\/api.w.org\/{rel}","templated":true}]}}