{"id":1746,"date":"2024-03-11T03:10:44","date_gmt":"2024-03-11T03:10:44","guid":{"rendered":"https:\/\/jabiru-clothing.com\/product\/unisex-t-shirt-4\/"},"modified":"2024-04-17T15:19:38","modified_gmt":"2024-04-17T15:19:38","slug":"nuthatch-t-shirt","status":"publish","type":"product","link":"https:\/\/jabiru-clothing.com\/de\/produkt\/nuthatch-t-shirt\/","title":{"rendered":"Nuthatch T-Shirt &#8211; Unisex"},"content":{"rendered":"<p><strong>Nuthatch T-Shirt<\/strong><\/p>\n<p>Diese kleinen Akrobaten rennen auf der Suche nach Nahrung Baumst\u00e4mme rauf und runter. Kleiber sind sehr territorial und verteidigen mutig ihr Revier - und die vielen Futterstellen, die sie dort versteckt haben. Mehr Informationen \u00fcber den Kleiber findet ihr <a href=\"https:\/\/community.rspb.org.uk\/ourwork\/b\/rspb-england\/posts\/how-to-identify-a-nuthatch\">hier<\/a>.<\/p>\n<p>F\u00fcr jeden Kauf spenden wir $2 an ausgew\u00e4hlte Vogelschutzprojekte. Weitere Informationen \u00fcber unsere Partner findet ihr <a href=\"\/de\/our-partners\/\">hier<\/a>.<\/p>\n<p>\u2022 100% gek\u00e4mmte und ringgesponnene Baumwolle<br \/>\n\u2022 Stoffgewicht: 142 g\/m\u00b2 (4.2 oz.\/yd.\u00b2)<br \/>\n\u2022 Vorgewaschener Stoff (Pre-shrunk)<br \/>\n\u2022 Seitlich vern\u00e4ht<br \/>\n\u2022 Schulter-zu-Schulter-Taping<br \/>\n\u2022 Rohprodukt aus Nicaragua, Mexiko, Honduras oder den USA<\/p>\n<p>Unser Kleiber Unisex T-Shirt \u00fcberzeugt mit seiner weichen Qualit\u00e4t und bietet optimalen Tragekomfort bei 100% Baumwolle. <a href=\"https:\/\/www.bto.org\/understanding-birds\/birdfacts\/nuthatch\">hier<\/a> to learn more about Eurasian Nuthatches!<\/p>\n<p>Dieses Produkt wird exklusiv f\u00fcr Euch hergestellt, sobald ihr bestellt, weswegen es ein wenig l\u00e4nger dauert bis es geliefert wird. Die \"on-demand\" Herstellung hilft, \u00dcberproduktion zu reduzieren. Danke, dass ihr bedachte Kaufentscheidungen trefft!<\/p>\n<p>Traceability:<br \/>\n&#8211; Weaving\u2014India, South Korea<br \/>\n&#8211; Dyeing\u2014El Salvador, California<br \/>\n&#8211; Manufacturing\u2014Nicaragua, Mexico, Honduras, or the US<\/p>\n<p>Contains 0% recycled polyester<br \/>\nContains 0% dangerous substances<\/p>","protected":false},"excerpt":{"rendered":"<p>Diese kleinen Akrobaten rennen auf der Suche nach Nahrung Baumst\u00e4mme rauf und runter. Kleiber sind sehr territorial und verteidigen mutig ihr Revier - und die vielen Futterstellen, die sie dort versteckt haben. Feiert die europ\u00e4ischen Gartenv\u00f6gel mit uns - und mit diesem T-Shirt.<\/p>\n<p>F\u00fcr jeden Kauf spenden wir $2 an ausgew\u00e4hlte Vogelschutzprojekte. Weitere Informationen \u00fcber unsere Partner findet ihr <a href=\"\/de\/our-partners\/\">hier<\/a>.<\/p>\n<ul>\n<li>Farbe: Olive<\/li>\n<li>Material: 100%  Baumwolle<\/li>\n<li>Passform: Regular<\/li>\n<\/ul>","protected":false},"featured_media":1908,"template":"","meta":{"neve_meta_sidebar":"","neve_meta_container":"","neve_meta_enable_content_width":"off","neve_meta_content_width":100,"neve_meta_title_alignment":"","neve_meta_author_avatar":"","neve_post_elements_order":"","neve_meta_disable_header":"","neve_meta_disable_footer":"","neve_meta_disable_title":"","neve_meta_reading_time":"","_themeisle_gutenberg_block_has_review":false},"product_brand":[],"product_cat":[29,32,58],"product_tag":[120,142,230,144,121,143],"class_list":{"0":"post-1746","1":"product","2":"type-product","3":"status-publish","4":"has-post-thumbnail","6":"product_cat-europe","7":"product_cat-europe-mens","8":"product_cat-europe-womens","9":"product_tag-men","10":"product_tag-mens","11":"product_tag-tee","12":"product_tag-tees","13":"product_tag-women","14":"product_tag-womens","16":"first","17":"instock","18":"taxable","19":"shipping-taxable","20":"purchasable","21":"product-type-variable"},"_links":{"self":[{"href":"https:\/\/jabiru-clothing.com\/de\/wp-json\/wp\/v2\/product\/1746","targetHints":{"allow":["GET"]}}],"collection":[{"href":"https:\/\/jabiru-clothing.com\/de\/wp-json\/wp\/v2\/product"}],"about":[{"href":"https:\/\/jabiru-clothing.com\/de\/wp-json\/wp\/v2\/types\/product"}],"wp:featuredmedia":[{"embeddable":true,"href":"https:\/\/jabiru-clothing.com\/de\/wp-json\/wp\/v2\/media\/1908"}],"wp:attachment":[{"href":"https:\/\/jabiru-clothing.com\/de\/wp-json\/wp\/v2\/media?parent=1746"}],"wp:term":[{"taxonomy":"product_brand","embeddable":true,"href":"https:\/\/jabiru-clothing.com\/de\/wp-json\/wp\/v2\/product_brand?post=1746"},{"taxonomy":"product_cat","embeddable":true,"href":"https:\/\/jabiru-clothing.com\/de\/wp-json\/wp\/v2\/product_cat?post=1746"},{"taxonomy":"product_tag","embeddable":true,"href":"https:\/\/jabiru-clothing.com\/de\/wp-json\/wp\/v2\/product_tag?post=1746"}],"curies":[{"name":"wp","href":"https:\/\/api.w.org\/{rel}","templated":true}]}}