{"id":1713,"date":"2024-03-11T02:42:58","date_gmt":"2024-03-11T02:42:58","guid":{"rendered":"https:\/\/jabiru-clothing.com\/product\/barred-antshrike-unisex-t-shirt\/"},"modified":"2024-05-01T04:10:29","modified_gmt":"2024-05-01T04:10:29","slug":"barred-antshrike-t-shirt","status":"publish","type":"product","link":"https:\/\/jabiru-clothing.com\/de\/produkt\/barred-antshrike-t-shirt\/","title":{"rendered":"Barred Antshrike T-Shirt &#8211; Unisex"},"content":{"rendered":"<p><strong>Barred Antshrike T-Shirt<\/strong><\/p>\n<p>Diese wundersch\u00f6nen gestreiften V\u00f6gel k\u00f6nnen in W\u00e4ldern von Mexiko bis Argentinien beobachtet werden. Barred Antshrikes, zu deutsch Binden-Ameisenw\u00fcrger, ern\u00e4hren sich haupts\u00e4chlich von Insekten, verschm\u00e4hen aber auch Fr\u00fcchte, kleine Eidechsen und Samen nicht.<br \/>\nOh, und haben wir erw\u00e4hnt, wie h\u00fcbsch sie sind?<\/p>\n<p>F\u00fcr jeden Kauf spenden wir $2 an ausgew\u00e4hlte Vogelschutzprojekte. Weitere Informationen \u00fcber unsere Partner findet ihr <a href=\"\/de\/our-partners\/\">hier<\/a>.<\/p>\n<p>\u2022 100% gek\u00e4mmte und ringgesponnene Baumwolle<br \/>\n\u2022 Stoffgewicht: 142 g\/m\u00b2 (4.2 oz.\/yd.\u00b2)<br \/>\n\u2022 Vorgewaschener Stoff (Pre-shrunk)<br \/>\n\u2022 Seitlich vern\u00e4ht<br \/>\n\u2022 Schulter-zu-Schulter-Taping<br \/>\n\u2022 Rohprodukt aus Nicaragua, Mexiko, Honduras oder den USA<\/p>\n<p>Unser Barred Antshrike Unisex Bio T-Shirt \u00fcberzeugt mit seiner weichen Qualit\u00e4t und bietet optimalen Tragekomfort bei 100% Baumwolle.<br \/>\nLearn more about these monochrome but beautiful birds, their habitat, and their range on <a href=\"https:\/\/ebird.org\/species\/barant1\">eBird<\/a>. (We love eBird.)<\/p>\n<p>Dieses Produkt wird exklusiv f\u00fcr Euch hergestellt, sobald ihr bestellt, weswegen es ein wenig l\u00e4nger dauert bis es geliefert wird. Die \"on-demand\" Herstellung hilft, \u00dcberproduktion zu reduzieren. Danke, dass ihr bedachte Kaufentscheidungen trefft!<\/p>\n<p>Traceability:<br \/>\n&#8211; Weaving\u2014India, South Korea<br \/>\n&#8211; Dyeing\u2014El Salvador, California<br \/>\n&#8211; Manufacturing\u2014Nicaragua, Mexico, Honduras, or the US<\/p>\n<p>Contains 0% recycled polyester<br \/>\nContains 0% dangerous substances<\/p>","protected":false},"excerpt":{"rendered":"<p>Diese wundersch\u00f6nen gestreiften V\u00f6gel k\u00f6nnen in W\u00e4ldern von Mexiko bis Argentinien beobachtet werden. Barred Antshrikes, zu deutsch Binden-Ameisenw\u00fcrger, ern\u00e4hren sich haupts\u00e4chlich von Insekten, verschm\u00e4hen aber auch Fr\u00fcchte, kleine Eidechsen und Samen nicht.<br \/>\nOh, und haben wir erw\u00e4hnt, wie h\u00fcbsch sie sind?<\/p>\n<p>F\u00fcr jeden Kauf spenden wir $2 an ausgew\u00e4hlte Vogelschutzprojekte. Weitere Informationen \u00fcber unsere Partner findet ihr <a href=\"\/de\/our-partners\/\">hier<\/a>.<\/p>\n<ul>\n<li>Farbe: Schwarz<\/li>\n<li>Material: 100%  Baumwolle<\/li>\n<li>Passform: Regular<\/li>\n<\/ul>","protected":false},"featured_media":1912,"template":"","meta":{"neve_meta_sidebar":"","neve_meta_container":"","neve_meta_enable_content_width":"off","neve_meta_content_width":100,"neve_meta_title_alignment":"","neve_meta_author_avatar":"","neve_post_elements_order":"","neve_meta_disable_header":"","neve_meta_disable_footer":"","neve_meta_disable_title":"","neve_meta_reading_time":"","_themeisle_gutenberg_block_has_review":false},"product_brand":[],"product_cat":[228],"product_tag":[120,142,230,144,121,143],"class_list":{"0":"post-1713","1":"product","2":"type-product","3":"status-publish","4":"has-post-thumbnail","6":"product_cat-monochrome-collection","7":"product_tag-men","8":"product_tag-mens","9":"product_tag-tee","10":"product_tag-tees","11":"product_tag-women","12":"product_tag-womens","14":"first","15":"instock","16":"taxable","17":"shipping-taxable","18":"purchasable","19":"product-type-variable"},"_links":{"self":[{"href":"https:\/\/jabiru-clothing.com\/de\/wp-json\/wp\/v2\/product\/1713","targetHints":{"allow":["GET"]}}],"collection":[{"href":"https:\/\/jabiru-clothing.com\/de\/wp-json\/wp\/v2\/product"}],"about":[{"href":"https:\/\/jabiru-clothing.com\/de\/wp-json\/wp\/v2\/types\/product"}],"wp:featuredmedia":[{"embeddable":true,"href":"https:\/\/jabiru-clothing.com\/de\/wp-json\/wp\/v2\/media\/1912"}],"wp:attachment":[{"href":"https:\/\/jabiru-clothing.com\/de\/wp-json\/wp\/v2\/media?parent=1713"}],"wp:term":[{"taxonomy":"product_brand","embeddable":true,"href":"https:\/\/jabiru-clothing.com\/de\/wp-json\/wp\/v2\/product_brand?post=1713"},{"taxonomy":"product_cat","embeddable":true,"href":"https:\/\/jabiru-clothing.com\/de\/wp-json\/wp\/v2\/product_cat?post=1713"},{"taxonomy":"product_tag","embeddable":true,"href":"https:\/\/jabiru-clothing.com\/de\/wp-json\/wp\/v2\/product_tag?post=1713"}],"curies":[{"name":"wp","href":"https:\/\/api.w.org\/{rel}","templated":true}]}}