{"id":1687,"date":"2024-03-11T02:38:54","date_gmt":"2024-03-11T02:38:54","guid":{"rendered":"https:\/\/jabiru-clothing.com\/product\/guaco-unisex-t-shirt\/"},"modified":"2024-05-01T13:15:08","modified_gmt":"2024-05-01T13:15:08","slug":"guaco-t-shirt","status":"publish","type":"product","link":"https:\/\/jabiru-clothing.com\/de\/produkt\/guaco-t-shirt\/","title":{"rendered":"Guaco T-Shirt &#8211; Unisex"},"content":{"rendered":"<p><strong>Guaco T-Shirt<\/strong><\/p>\n<p>Der ber\u00fchmte Vogelkundler <a href=\"https:\/\/www.alexanderskutch.com\/\">Alexander Skutch<\/a> liebte den Lachfalken, oder Guaco, wie er in Lateinamerika genannt wird. Und das will schon was hei\u00dfen: Skutch war kein besonders gro\u00dfer Freund von Greifv\u00f6geln. Aber an den kulinarischen Vorlieben des Guacos fand Skutch Gefallen - er ern\u00e4hrt sich haupts\u00e4chlich von Schlangen. Der wissenschaftliche Name des Lachfalken beschreibt den Vogel gut: Herpotheres hei\u00dft soviel wie \"Schlangen greifend\" und Cachinnans in etwa \"ungest\u00fcm lachend\".<\/p>\n<p>F\u00fcr jeden Kauf spenden wir $2 an ausgew\u00e4hlte Vogelschutzprojekte. Weitere Informationen \u00fcber unsere Partner findet ihr <a href=\"\/de\/our-partners\/\">hier<\/a>.<\/p>\n<p>\u2022 100% gek\u00e4mmte und ringgesponnene Baumwolle<br \/>\n\u2022 Stoffgewicht: 142 g\/m\u00b2 (4.2 oz.\/yd.\u00b2)<br \/>\n\u2022 Vorgewaschener Stoff (Pre-shrunk)<br \/>\n\u2022 Seitlich vern\u00e4ht<br \/>\n\u2022 Schulter-zu-Schulter-Taping<br \/>\n\u2022 Rohprodukt aus Nicaragua, Mexiko, Honduras oder den USA<\/p>\n<p>Unser Guaco Unisex T-Shirt \u00fcberzeugt mit seiner weichen Qualit\u00e4t und bietet optimalen Tragekomfort bei 100% Baumwolle.<\/p>\n<p>Dieses Produkt wird exklusiv f\u00fcr Euch hergestellt, sobald ihr bestellt, weswegen es ein wenig l\u00e4nger dauert bis es geliefert wird. Die \"on-demand\" Herstellung hilft, \u00dcberproduktion zu reduzieren. Danke, dass ihr bedachte Kaufentscheidungen trefft!<\/p>\n<p>R\u00fcckverfolgbarkeit<br \/>\n&#8211; Weaving\u2014India, South Korea<br \/>\n&#8211; Dyeing\u2014El Salvador, California<br \/>\n&#8211; Manufacturing\u2014Nicaragua, Mexico, Honduras, or the US<br \/>\nEnth\u00e4lt 0% recycletes Polyester<br \/>\nEnth\u00e4lt 0% gef\u00e4hrliche Stoffe<\/p>","protected":false},"excerpt":{"rendered":"<p>Der ber\u00fchmte Vogelkundler Alexander Skutch liebte den Lachfalken, oder Guaco, wie er in Lateinamerika genannt wird. Und das will schon was hei\u00dfen: Skutch war kein besonders gro\u00dfer Freund von Greifv\u00f6geln. Aber an den kulinarischen Vorlieben des Guacos fand Skutch Gefallen - er ern\u00e4hrt sich haupts\u00e4chlich von Schlangen. Der wissenschaftliche Name des Lachfalken beschreibt den Vogel gut: Herpotheres hei\u00dft soviel wie \"Schlangen greifend\" und Cachinnans in etwa \"ungest\u00fcm lachend\".<\/p>\n<p>F\u00fcr jeden Kauf spenden wir $2 an ausgew\u00e4hlte Vogelschutzprojekte. Weitere Informationen \u00fcber unsere Partner findet ihr <a href=\"\/de\/our-partners\/\">hier<\/a>.<\/p>\n<ul>\n<li>Farbe: Schwarz<\/li>\n<li>Material: 100%  Baumwolle<\/li>\n<li>Passform: Regular<\/li>\n<\/ul>","protected":false},"featured_media":1914,"template":"","meta":{"neve_meta_sidebar":"","neve_meta_container":"","neve_meta_enable_content_width":"off","neve_meta_content_width":100,"neve_meta_title_alignment":"","neve_meta_author_avatar":"","neve_post_elements_order":"","neve_meta_disable_header":"","neve_meta_disable_footer":"","neve_meta_disable_title":"","neve_meta_reading_time":"","_themeisle_gutenberg_block_has_review":false},"product_brand":[],"product_cat":[228],"product_tag":[120,142,230,144,121,143],"class_list":{"0":"post-1687","1":"product","2":"type-product","3":"status-publish","4":"has-post-thumbnail","6":"product_cat-monochrome-collection","7":"product_tag-men","8":"product_tag-mens","9":"product_tag-tee","10":"product_tag-tees","11":"product_tag-women","12":"product_tag-womens","14":"first","15":"instock","16":"taxable","17":"shipping-taxable","18":"purchasable","19":"product-type-variable"},"_links":{"self":[{"href":"https:\/\/jabiru-clothing.com\/de\/wp-json\/wp\/v2\/product\/1687","targetHints":{"allow":["GET"]}}],"collection":[{"href":"https:\/\/jabiru-clothing.com\/de\/wp-json\/wp\/v2\/product"}],"about":[{"href":"https:\/\/jabiru-clothing.com\/de\/wp-json\/wp\/v2\/types\/product"}],"wp:featuredmedia":[{"embeddable":true,"href":"https:\/\/jabiru-clothing.com\/de\/wp-json\/wp\/v2\/media\/1914"}],"wp:attachment":[{"href":"https:\/\/jabiru-clothing.com\/de\/wp-json\/wp\/v2\/media?parent=1687"}],"wp:term":[{"taxonomy":"product_brand","embeddable":true,"href":"https:\/\/jabiru-clothing.com\/de\/wp-json\/wp\/v2\/product_brand?post=1687"},{"taxonomy":"product_cat","embeddable":true,"href":"https:\/\/jabiru-clothing.com\/de\/wp-json\/wp\/v2\/product_cat?post=1687"},{"taxonomy":"product_tag","embeddable":true,"href":"https:\/\/jabiru-clothing.com\/de\/wp-json\/wp\/v2\/product_tag?post=1687"}],"curies":[{"name":"wp","href":"https:\/\/api.w.org\/{rel}","templated":true}]}}