{"id":1335,"date":"2023-10-01T21:54:52","date_gmt":"2023-10-01T21:54:52","guid":{"rendered":"https:\/\/jabiru-clothing.com\/product\/jabiru-essentials-organic-tote-bag\/"},"modified":"2023-10-03T17:04:35","modified_gmt":"2023-10-03T17:04:35","slug":"jabiru-essentials-organic-tote-bag","status":"publish","type":"product","link":"https:\/\/jabiru-clothing.com\/de\/produkt\/jabiru-essentials-organic-tote-bag\/","title":{"rendered":"Jabiru Essentials Bio Jutetasche"},"content":{"rendered":"<p>Packt Eure Sachen in unsere Jabiru Essentials Organic Jutetasche. F\u00fcllt sie mit Ferngl\u00e4sern, Bestimmungsb\u00fcchern und Reiseutensilien - es ist Platz f\u00fcr alles!<\/p>\n<p>100% zertifizierte Biobaumwolle<br \/>\n\u2022 Stoffdichte: 272 g\/m\u00b2<br \/>\n\u2022 Ma\u00dfe: 50.8 \u00d7 35.6 \u00d7 12.7 cm<br \/>\n\u2022 Volumen: 23 Liter<br \/>\n\u2022 Tragf\u00e4higkeit: 13,6kg<br \/>\n\u2022 2,5 \u00d7 63,5 cm lange, selbstgewebte Doppelriemen<br \/>\n\u2022 Offenes Hauptfach, flacher Boden<br \/>\n\u2022 Rohprodukt bezogen aus Vietnam<\/p>\n<p>Dieses Produkt wird exklusiv f\u00fcr Euch hergestellt, sobald ihr bestellt, weswegen es ein wenig l\u00e4nger dauert bis es geliefert wird. Die \"on-demand\" Herstellung hilft, \u00dcberproduktion zu reduzieren. Danke, dass ihr bedachte Kaufentscheidungen trefft!<\/p>","protected":false},"excerpt":{"rendered":"<p>Packt Eure Sachen in unsere Jabiru Essentials Organic Jutetasche. F\u00fcllt sie mit Ferngl\u00e4sern, Bestimmungsb\u00fcchern und Reiseutensilien - es ist Platz f\u00fcr alles!<\/p>\n<ul>\n<li>100% zertifizierte Biobaumwolle<\/li>\n<li>Ma\u00dfe: 50.8 \u00d7 35.6 \u00d7 12.7 cm<\/li>\n<li>Exklusiv auf Bestellung angefertigt<\/li>\n<\/ul>","protected":false},"featured_media":1337,"template":"","meta":{"neve_meta_sidebar":"","neve_meta_container":"","neve_meta_enable_content_width":"off","neve_meta_content_width":100,"neve_meta_title_alignment":"","neve_meta_author_avatar":"","neve_post_elements_order":"","neve_meta_disable_header":"","neve_meta_disable_footer":"","neve_meta_disable_title":"","neve_meta_reading_time":"","_themeisle_gutenberg_block_has_review":false},"product_brand":[],"product_cat":[15],"product_tag":[141],"class_list":{"0":"post-1335","1":"product","2":"type-product","3":"status-publish","4":"has-post-thumbnail","6":"product_cat-accessoires","7":"product_tag-bags","9":"first","10":"instock","11":"taxable","12":"shipping-taxable","13":"purchasable","14":"product-type-simple"},"_links":{"self":[{"href":"https:\/\/jabiru-clothing.com\/de\/wp-json\/wp\/v2\/product\/1335","targetHints":{"allow":["GET"]}}],"collection":[{"href":"https:\/\/jabiru-clothing.com\/de\/wp-json\/wp\/v2\/product"}],"about":[{"href":"https:\/\/jabiru-clothing.com\/de\/wp-json\/wp\/v2\/types\/product"}],"wp:featuredmedia":[{"embeddable":true,"href":"https:\/\/jabiru-clothing.com\/de\/wp-json\/wp\/v2\/media\/1337"}],"wp:attachment":[{"href":"https:\/\/jabiru-clothing.com\/de\/wp-json\/wp\/v2\/media?parent=1335"}],"wp:term":[{"taxonomy":"product_brand","embeddable":true,"href":"https:\/\/jabiru-clothing.com\/de\/wp-json\/wp\/v2\/product_brand?post=1335"},{"taxonomy":"product_cat","embeddable":true,"href":"https:\/\/jabiru-clothing.com\/de\/wp-json\/wp\/v2\/product_cat?post=1335"},{"taxonomy":"product_tag","embeddable":true,"href":"https:\/\/jabiru-clothing.com\/de\/wp-json\/wp\/v2\/product_tag?post=1335"}],"curies":[{"name":"wp","href":"https:\/\/api.w.org\/{rel}","templated":true}]}}