{"id":1305,"date":"2023-10-01T21:03:59","date_gmt":"2023-10-01T21:03:59","guid":{"rendered":"https:\/\/jabiru-clothing.com\/product\/jabiru-essentials-unisex-hoodie\/"},"modified":"2024-04-17T15:44:54","modified_gmt":"2024-04-17T15:44:54","slug":"jabiru-essentials-unisex-hoodie","status":"publish","type":"product","link":"https:\/\/jabiru-clothing.com\/de\/produkt\/jabiru-essentials-unisex-hoodie\/","title":{"rendered":"Jabiru Essentials Unisex Bio Hoodie"},"content":{"rendered":"<p><strong>Jabiru Essentials Unisex Bio Hoodie<\/strong><\/p>\n<p>Wenn es eine Fashion-Regel gibt, die man beherzigen sollte, dann ist es die, dass man dem Stil zuliebe nicht auf Komfort verzichten muss. Die Innenseite unseres Jabiru Essentials Unisex Hoodie sorgt f\u00fcr ein angenehmes und kuscheliges Gef\u00fchl und h\u00e4lt dich an k\u00e4lteren Tagen warm.<\/p>\n<p>F\u00fcr jeden Kauf spenden wir $2 an ausgew\u00e4hlte Vogelschutzprojekte. Weitere Informationen \u00fcber unsere Partner findet ihr <a href=\"\/de\/our-partners\/\">hier<\/a>.<\/p>\n<p>\u2022 Au\u00dfen: 100% Biobaumwolle<br \/>\n\u2022 Charcoal melange: 60% Baumwolle, 40% recycletes Polyester<br \/>\n\u2022 Innen f\u00fcr alle Farben: 80% Biobaumwolle, 20% recycletes Polyester<br \/>\n\u2022 Geb\u00fcrstetes Futter<br \/>\n\u2022 Normale Passform<br \/>\n\u2022 Raglan-\u00c4rmel<br \/>\n\u2022 Gerippte(r) B\u00fcndchen und Saum<br \/>\n\u2022 Kordel mit Metall\u00f6sen und Stoppern<br \/>\n\u2022 Kapuze mit Jersey-Futter<br \/>\n\u2022 Rohprodukt bezogen aus Bangladesch<\/p>\n<p>Dieses Produkt wird exklusiv f\u00fcr Euch hergestellt, sobald ihr bestellt, weswegen es ein wenig l\u00e4nger dauert bis es geliefert wird. Die \"on-demand\" Herstellung hilft, \u00dcberproduktion zu reduzieren. Danke, dass ihr bedachte Kaufentscheidungen trefft!<\/p>","protected":false},"excerpt":{"rendered":"<p>Wenn es eine Fashion-Regel gibt, die man beherzigen sollte, dann ist es die, dass man dem Stil zuliebe nicht auf Komfort verzichten muss. Die Innenseite unseres Jabiru Essentials Unisex Hoodie sorgt f\u00fcr ein angenehmes und kuscheliges Gef\u00fchl und h\u00e4lt dich an k\u00e4lteren Tagen warm.<\/p>\n<p>F\u00fcr jeden Kauf spenden wir $2 an ausgew\u00e4hlte Vogelschutzprojekte. Weitere Informationen \u00fcber unsere Partner findet ihr <a href=\"\/de\/our-partners\/\">hier<\/a>.<\/p>\n<p>\u2022 Au\u00dfen: 100% Biobaumwolle<br \/>\n\u2022 Charcoal melange: 60% Baumwolle, 40% recycletes Polyester<br \/>\n\u2022 Innen f\u00fcr alle Farben: 80% Biobaumwolle, 20% recycletes Polyester<\/p>","protected":false},"featured_media":1920,"template":"","meta":{"neve_meta_sidebar":"","neve_meta_container":"","neve_meta_enable_content_width":"off","neve_meta_content_width":100,"neve_meta_title_alignment":"","neve_meta_author_avatar":"","neve_post_elements_order":"","neve_meta_disable_header":"","neve_meta_disable_footer":"","neve_meta_disable_title":"","neve_meta_reading_time":"","_themeisle_gutenberg_block_has_review":false},"product_brand":[],"product_cat":[76,56,60],"product_tag":[116,120,142,121,143],"class_list":{"0":"post-1305","1":"product","2":"type-product","3":"status-publish","4":"has-post-thumbnail","6":"product_cat-essentials","7":"product_cat-essentials-mens","8":"product_cat-essentials-womens","9":"product_tag-hoodies","10":"product_tag-men","11":"product_tag-mens","12":"product_tag-women","13":"product_tag-womens","15":"first","16":"instock","17":"taxable","18":"shipping-taxable","19":"purchasable","20":"product-type-variable"},"_links":{"self":[{"href":"https:\/\/jabiru-clothing.com\/de\/wp-json\/wp\/v2\/product\/1305","targetHints":{"allow":["GET"]}}],"collection":[{"href":"https:\/\/jabiru-clothing.com\/de\/wp-json\/wp\/v2\/product"}],"about":[{"href":"https:\/\/jabiru-clothing.com\/de\/wp-json\/wp\/v2\/types\/product"}],"wp:featuredmedia":[{"embeddable":true,"href":"https:\/\/jabiru-clothing.com\/de\/wp-json\/wp\/v2\/media\/1920"}],"wp:attachment":[{"href":"https:\/\/jabiru-clothing.com\/de\/wp-json\/wp\/v2\/media?parent=1305"}],"wp:term":[{"taxonomy":"product_brand","embeddable":true,"href":"https:\/\/jabiru-clothing.com\/de\/wp-json\/wp\/v2\/product_brand?post=1305"},{"taxonomy":"product_cat","embeddable":true,"href":"https:\/\/jabiru-clothing.com\/de\/wp-json\/wp\/v2\/product_cat?post=1305"},{"taxonomy":"product_tag","embeddable":true,"href":"https:\/\/jabiru-clothing.com\/de\/wp-json\/wp\/v2\/product_tag?post=1305"}],"curies":[{"name":"wp","href":"https:\/\/api.w.org\/{rel}","templated":true}]}}