{"id":1289,"date":"2023-10-01T20:57:15","date_gmt":"2023-10-01T20:57:15","guid":{"rendered":"https:\/\/jabiru-clothing.com\/product\/jabiru-essentials-organic-beanie\/"},"modified":"2023-10-03T17:10:35","modified_gmt":"2023-10-03T17:10:35","slug":"jabiru-essentials-organic-beanie","status":"publish","type":"product","link":"https:\/\/jabiru-clothing.com\/de\/produkt\/jabiru-essentials-organic-beanie\/","title":{"rendered":"Jabiru Essentials Bio Beanie"},"content":{"rendered":"<p>Bad hair day? Oder auf dem Weg zur Vogelbeobachtung in der K\u00e4lte?<br \/>\nUnser Jabiru Essentials Beanie ist f\u00fcr Euch da.<\/p>\n<p>F\u00fcr jeden Kauf spenden wir $2 an ausgew\u00e4hlte Vogelschutzprojekte. Weitere Informationen \u00fcber unsere Partner findet ihr <a href=\"\/de\/our-partners\/\">hier<\/a>.<\/p>\n<p>\u2022 100% zertifizierte Biobaumwolle<br \/>\n\u2022 Antiallergisches und nat\u00fcrliches Gewebe<br \/>\n\u2022 Beanie mit B\u00fcndchen<br \/>\n\u2022 Rohprodukt wird aus China bezogen<\/p>\n<p>Dieses Produkt wird exklusiv f\u00fcr Euch hergestellt, sobald ihr bestellt, weswegen es ein wenig l\u00e4nger dauert bis es geliefert wird. Die \"on-demand\" Herstellung hilft, \u00dcberproduktion zu reduzieren. Danke, dass ihr bedachte Kaufentscheidungen trefft!<\/p>","protected":false},"excerpt":{"rendered":"<p>Bad hair day? Oder auf dem Weg zur Vogelbeobachtung in der K\u00e4lte?<br \/>\nUnser Jabiru Essentials Beanie ist f\u00fcr Euch da.<\/p>\n<p>F\u00fcr jeden Kauf spenden wir $2 an ausgew\u00e4hlte Vogelschutzprojekte. Weitere Informationen \u00fcber unsere Partner findet ihr <a href=\"\/de\/our-partners\/\">hier<\/a>.<\/p>\n<ul>\n<li>100% Biobaumwolle<\/li>\n<li>Beanie mit B\u00fcndchen<\/li>\n<li>Exklusiv auf Bestellung angefertigt<\/li>\n<\/ul>","protected":false},"featured_media":1298,"template":"","meta":{"neve_meta_sidebar":"","neve_meta_container":"","neve_meta_enable_content_width":"off","neve_meta_content_width":100,"neve_meta_title_alignment":"","neve_meta_author_avatar":"","neve_post_elements_order":"","neve_meta_disable_header":"","neve_meta_disable_footer":"","neve_meta_disable_title":"","neve_meta_reading_time":"","_themeisle_gutenberg_block_has_review":false},"product_brand":[],"product_cat":[15],"product_tag":[117],"class_list":{"0":"post-1289","1":"product","2":"type-product","3":"status-publish","4":"has-post-thumbnail","6":"product_cat-accessoires","7":"product_tag-hats","9":"first","10":"instock","11":"taxable","12":"shipping-taxable","13":"purchasable","14":"product-type-variable"},"_links":{"self":[{"href":"https:\/\/jabiru-clothing.com\/de\/wp-json\/wp\/v2\/product\/1289","targetHints":{"allow":["GET"]}}],"collection":[{"href":"https:\/\/jabiru-clothing.com\/de\/wp-json\/wp\/v2\/product"}],"about":[{"href":"https:\/\/jabiru-clothing.com\/de\/wp-json\/wp\/v2\/types\/product"}],"wp:featuredmedia":[{"embeddable":true,"href":"https:\/\/jabiru-clothing.com\/de\/wp-json\/wp\/v2\/media\/1298"}],"wp:attachment":[{"href":"https:\/\/jabiru-clothing.com\/de\/wp-json\/wp\/v2\/media?parent=1289"}],"wp:term":[{"taxonomy":"product_brand","embeddable":true,"href":"https:\/\/jabiru-clothing.com\/de\/wp-json\/wp\/v2\/product_brand?post=1289"},{"taxonomy":"product_cat","embeddable":true,"href":"https:\/\/jabiru-clothing.com\/de\/wp-json\/wp\/v2\/product_cat?post=1289"},{"taxonomy":"product_tag","embeddable":true,"href":"https:\/\/jabiru-clothing.com\/de\/wp-json\/wp\/v2\/product_tag?post=1289"}],"curies":[{"name":"wp","href":"https:\/\/api.w.org\/{rel}","templated":true}]}}