{"id":1246,"date":"2023-10-01T20:22:38","date_gmt":"2023-10-01T20:22:38","guid":{"rendered":"https:\/\/jabiru-clothing.com\/product\/blue-tit-kids-organic-t-shirt\/"},"modified":"2024-04-20T14:18:46","modified_gmt":"2024-04-20T14:18:46","slug":"blue-tit-kids-organic-t-shirt","status":"publish","type":"product","link":"https:\/\/jabiru-clothing.com\/de\/produkt\/blue-tit-kids-organic-t-shirt\/","title":{"rendered":"Blaumeise Kinder Bio T-Shirt"},"content":{"rendered":"<p>Sind es die Farben oder die \"Gr\u00f6\u00dfe\", die unsere Blaumeise zu einem so beliebten Gartenvogel machen? Wusstet ihr, dass ihre Eier gerade einmal 1 Gramm wiegen, weniger als ein Zehntel des Gewichts der Eltern?<br \/>\nZeigt Eure Leidenschaft f\u00fcr V\u00f6gel mit einem T-Shirt!<\/p>\n<p>F\u00fcr jeden Kauf spenden wir $2 an ausgew\u00e4hlte Vogelschutzprojekte. Weitere Informationen \u00fcber unsere Partner findet ihr <a href=\"\/de\/our-partners\/\">hier<\/a>.<\/p>\n<p>\u2022 100% zertifizierte Biobaumwolle<br \/>\n\u2022 Stoffdichte: 155 g\/m\u00b2<br \/>\n\u2022 Single-Jersey<br \/>\n\u2022 Regul\u00e4re Passform<br \/>\n\u2022 Eingesetzte \u00c4rmel<br \/>\n\u2022 1\u00d71 Ripp am Kragen<br \/>\n\u2022 Schmale Doppelnaht an den \u00c4rmeln und am Bundsaum<br \/>\n\u2022 Nackenband aus Stoff (Innenseite, Nackenr\u00fcckseite)<br \/>\n\u2022 Rohprodukt bezogen aus Bangladesch<\/p>\n<p>Unser Blaumeise Kinder Bio T-Shirt \u00fcberzeugt mit seiner weichen Qualit\u00e4t und bietet optimalen Tragekomfort bei 100% Biobaumwolle. Nicht nur gut f\u00fcr Euch, sondern auch f\u00fcr die Umwelt.<br \/>\nMehr \u00fcber diese wunderbaren V\u00f6gel findet ihr <a href=\"https:\/\/www.rspb.org.uk\/birds-and-wildlife\/wildlife-guides\/bird-a-z\/blue-tit\/\">hier<\/a>.<\/p>\n<p>Die Gr\u00f6\u00dfen entsprechen kleineren Gr\u00f6\u00dfen in den USA - Kunden von dort sollten daher eine Nummer gr\u00f6\u00dfer als \u00fcblich bestellen.<\/p>\n<p>Dieses Produkt wird exklusiv f\u00fcr Euch hergestellt, sobald ihr bestellt, weswegen es ein wenig l\u00e4nger dauert bis es geliefert wird. Die \"on-demand\" Herstellung hilft, \u00dcberproduktion zu reduzieren. Danke, dass ihr bedachte Kaufentscheidungen trefft!<\/p>","protected":false},"excerpt":{"rendered":"<p>Sind es die Farben oder die \"Gr\u00f6\u00dfe\", die unsere Blaumeise zu einem so beliebten Gartenvogel machen? Wusstet ihr, dass ihre Eier gerade einmal 1 Gramm wiegen, weniger als ein Zehntel des Gewichts der Eltern?<\/p>\n<p>Wie w\u00e4re es mit einem T-Shirt der Kleinen f\u00fcr Eure Kleinen?<\/p>\n<p>F\u00fcr jeden Kauf spenden wir $2 an ausgew\u00e4hlte Vogelschutzprojekte. Weitere Informationen \u00fcber unsere Partner findet ihr <a href=\"\/de\/our-partners\/\">hier<\/a>.<\/p>\n<ul>\n<li>100% Biobaumwolle<\/li>\n<li>Exklusiv f\u00fcr Euch hergestellt<\/li>\n<\/ul>","protected":false},"featured_media":1254,"template":"","meta":{"neve_meta_sidebar":"","neve_meta_container":"","neve_meta_enable_content_width":"off","neve_meta_content_width":100,"neve_meta_title_alignment":"","neve_meta_author_avatar":"","neve_post_elements_order":"","neve_meta_disable_header":"","neve_meta_disable_footer":"","neve_meta_disable_title":"","neve_meta_reading_time":"","_themeisle_gutenberg_block_has_review":false},"product_brand":[],"product_cat":[29,104],"product_tag":[115,144],"class_list":{"0":"post-1246","1":"product","2":"type-product","3":"status-publish","4":"has-post-thumbnail","6":"product_cat-europe","7":"product_cat-europe-kids","8":"product_tag-kids","9":"product_tag-tees","11":"first","12":"instock","13":"taxable","14":"shipping-taxable","15":"purchasable","16":"product-type-variable"},"_links":{"self":[{"href":"https:\/\/jabiru-clothing.com\/de\/wp-json\/wp\/v2\/product\/1246","targetHints":{"allow":["GET"]}}],"collection":[{"href":"https:\/\/jabiru-clothing.com\/de\/wp-json\/wp\/v2\/product"}],"about":[{"href":"https:\/\/jabiru-clothing.com\/de\/wp-json\/wp\/v2\/types\/product"}],"wp:featuredmedia":[{"embeddable":true,"href":"https:\/\/jabiru-clothing.com\/de\/wp-json\/wp\/v2\/media\/1254"}],"wp:attachment":[{"href":"https:\/\/jabiru-clothing.com\/de\/wp-json\/wp\/v2\/media?parent=1246"}],"wp:term":[{"taxonomy":"product_brand","embeddable":true,"href":"https:\/\/jabiru-clothing.com\/de\/wp-json\/wp\/v2\/product_brand?post=1246"},{"taxonomy":"product_cat","embeddable":true,"href":"https:\/\/jabiru-clothing.com\/de\/wp-json\/wp\/v2\/product_cat?post=1246"},{"taxonomy":"product_tag","embeddable":true,"href":"https:\/\/jabiru-clothing.com\/de\/wp-json\/wp\/v2\/product_tag?post=1246"}],"curies":[{"name":"wp","href":"https:\/\/api.w.org\/{rel}","templated":true}]}}