{"id":679,"date":"2023-08-20T15:33:32","date_gmt":"2023-08-20T15:33:32","guid":{"rendered":"https:\/\/jabiru-clothing.com\/?page_id=679"},"modified":"2023-10-17T21:05:32","modified_gmt":"2023-10-17T21:05:32","slug":"our-partners","status":"publish","type":"page","link":"https:\/\/jabiru-clothing.com\/de\/our-partners\/","title":{"rendered":"Our partners"},"content":{"rendered":"<div class=\"wp-block-columns is-layout-flex wp-container-core-columns-is-layout-9d6595d7 wp-block-columns-is-layout-flex\">\n<div class=\"wp-block-column is-vertically-aligned-top is-layout-flow wp-block-column-is-layout-flow\">\n<div id=\"wp-block-themeisle-blocks-advanced-columns-376eb3a4\" class=\"wp-block-themeisle-blocks-advanced-columns alignfull has-1-columns has-desktop-equal-layout has-tablet-equal-layout has-mobile-equal-layout has-vertical-unset\"><div class=\"wp-block-themeisle-blocks-advanced-columns-overlay\"><\/div><div class=\"innerblocks-wrap\">\n<div id=\"wp-block-themeisle-blocks-advanced-column-2e01688c\" class=\"wp-block-themeisle-blocks-advanced-column\">\n<h2 class=\"wp-block-heading has-text-align-center has-nv-text-dark-bg-color has-text-color has-large-font-size\" style=\"font-style:normal;font-weight:600\">\u201cEarth provides enough to satisfy every man&#8217;s needs, but not every man&#8217;s greed.\u201d<\/h2>\n\n\n\n<p class=\"has-text-align-center has-nv-text-dark-bg-color has-text-color\" style=\"font-size:24px\"><em>Mahatma Gandhi<\/em><\/p>\n\n\n\n<hr class=\"wp-block-separator has-text-color has-nv-site-bg-color has-alpha-channel-opacity has-nv-site-bg-background-color has-background\"\/>\n\n\n\n<div style=\"height:69px\" aria-hidden=\"true\" class=\"wp-block-spacer\"><\/div>\n\n\n\n<h2 class=\"wp-block-heading has-text-align-center has-nv-site-bg-color has-text-color has-large-font-size\" style=\"font-style:normal;font-weight:600\">Unsere Partner<\/h2>\n\n\n\n<p class=\"has-text-align-center has-nv-site-bg-color has-text-color\" style=\"font-size:24px\">F\u00fcr jedes verkaufte Produkt spenden wir $2 an ausgew\u00e4hlte Naturschutzprojekte. Wir sind immer auf der Suche nach neuen Partnern. Wenn Ihr etwas habt, was passen k\u00f6nnte, lasst es uns gerne wissen!<\/p>\n<\/div>\n<\/div><\/div>\n<\/div>\n<\/div>\n\n\n<div class=\"n2-section-smartslider fitvidsignore  n2_clear\" data-ssid=\"3\" tabindex=\"0\" role=\"region\" aria-label=\"Slider\"><div id=\"n2-ss-3-align\" class=\"n2-ss-align\"><div class=\"n2-padding\"><div id=\"n2-ss-3\" data-creator=\"Smart Slider 3\" data-responsive=\"fullwidth\" class=\"n2-ss-slider n2-ow n2-has-hover n2notransition\">\n\n\n\n<div class=\"n2-ss-slider-wrapper-inside\">\n        <div class=\"n2-ss-slider-1 n2_ss__touch_element n2-ow\">\n            <div class=\"n2-ss-slider-2 n2-ow\">\n                                                <div class=\"n2-ss-slider-3 n2-ow\">\n\n                    <div class=\"n2-ss-slide-backgrounds n2-ow-all\"><div class=\"n2-ss-slide-background\" data-public-id=\"1\" data-mode=\"fill\"><div data-gradient=\"horizontal\" data-color-start=\"RGBA(206,211,213,1)\" data-color-end=\"RGBA(255,255,255,1)\" style=\"background:linear-gradient(to right, RGBA(206,211,213,1) 0%,RGBA(255,255,255,1) 100%);\" class=\"n2-ss-slide-background-color\"><\/div><\/div><div class=\"n2-ss-slide-background\" data-public-id=\"2\" data-mode=\"fill\" aria-hidden=\"true\"><div data-gradient=\"horizontal\" data-color-start=\"RGBA(255,255,255,1)\" data-color-end=\"RGBA(255,255,255,1)\" style=\"background:linear-gradient(to right, RGBA(255,255,255,1) 0%,RGBA(255,255,255,1) 100%);\" class=\"n2-ss-slide-background-color\"><\/div><\/div><div class=\"n2-ss-slide-background\" data-public-id=\"3\" data-mode=\"fill\" aria-hidden=\"true\"><div data-gradient=\"horizontal\" data-color-start=\"RGBA(245,251,254,1)\" data-color-end=\"RGBA(255,255,255,1)\" style=\"background:linear-gradient(to right, RGBA(245,251,254,1) 0%,RGBA(255,255,255,1) 100%);\" class=\"n2-ss-slide-background-color\"><\/div><\/div><\/div>                    <div class=\"n2-ss-slider-4 n2-ow\">\n                        <svg xmlns=\"http:\/\/www.w3.org\/2000\/svg\" viewbox=\"0 0 1300 600\" data-related-device=\"desktopPortrait\" class=\"n2-ow n2-ss-preserve-size n2-ss-preserve-size--slider n2-ss-slide-limiter\"><\/svg><div data-first=\"1\" data-slide-duration=\"0\" data-id=\"6\" data-slide-public-id=\"1\" data-title=\"Slide 1\" class=\"n2-ss-slide n2-ow  n2-ss-slide-6\"><div role=\"note\" class=\"n2-ss-slide--focus\" tabindex=\"-1\">Slide 1<\/div><div class=\"n2-ss-layers-container n2-ss-slide-limiter n2-ow\"><div class=\"n2-ss-layer n2-ow n-uc-cG21B9MvHnU3\" data-sstype=\"slide\" data-pm=\"default\"><div class=\"n2-ss-layer n2-ow n-uc-19001ef738de1\" data-pm=\"default\" data-sstype=\"content\" data-hasbackground=\"0\"><div class=\"n2-ss-section-main-content n2-ss-layer-with-background n2-ss-layer-content n2-ow n-uc-19001ef738de1-inner\"><div class=\"n2-ss-layer n2-ow n2-ss-layer--block n2-ss-has-self-align n-uc-180f0b0bfd71d\" data-pm=\"normal\" data-sstype=\"row\"><div class=\"n2-ss-layer-row n2-ss-layer-with-background n-uc-180f0b0bfd71d-inner\"><div class=\"n2-ss-layer-row-inner\"><div class=\"n2-ss-layer n2-ow n-uc-1ee0db941a48b\" data-pm=\"default\" data-sstype=\"col\"><div class=\"n2-ss-layer-col n2-ss-layer-with-background n2-ss-layer-content n-uc-1ee0db941a48b-inner\"><div class=\"n2-ss-layer n2-ow n-uc-Ukltj35kQL61 n2-ss-layer--auto\" data-pm=\"normal\" data-sstype=\"layer\"><div class=\"n2-ss-button-container n2-ss-item-content n2-ow n2-font-814e47b2a95773b61a167b443533c65f-link  n2-ss-nowrap n2-ss-button-container--non-full-width\"><a class=\"n2-style-aedd6eb6dfd144b3b96e0154082f6e94-heading  n2-ow\" onclick=\"return false;\" href=\"#\"><div><div>Conservation Partner<\/div><\/div><\/a><\/div><\/div><div class=\"n2-ss-layer n2-ow n-uc-QjyKQ97T2i1L\" data-pm=\"normal\" data-sstype=\"layer\"><h2 id=\"n2-ss-3item2\" class=\"n2-font-43d0e74ec378be3c672a19fed4604675-hover   n2-ss-item-content n2-ss-text n2-ow\" style=\"display:block;\">Verein Jordsand<\/h2><\/div><div class=\"n2-ss-layer n2-ow n-uc-1f6c391eb815b\" data-pm=\"normal\" data-sstype=\"layer\"><div class=\"n2-ss-item-content n2-ss-text n2-ow-all\"><div class=\"\"><p class=\"n2-font-0b1e04971db619f4673aa46c4b59cfa2-paragraph\">Ein Verein f\u00fcr den Schutz von Seev\u00f6geln entlang der deutschen K\u00fcste<\/p>\n<\/div><\/div><\/div><div class=\"n2-ss-layer n2-ow n-uc-qdsThZa48CjZ n2-ss-layer--auto\" data-pm=\"normal\" data-sstype=\"layer\"><div class=\"n2-ss-button-container n2-ss-item-content n2-ow n2-font-60b2b4d3b1f3a8f2ebb74160aa24f89e-link  n2-ss-nowrap n2-ss-button-container--non-full-width\"><a class=\"n2-style-1a5b74c1a070e82bad8ed3dfd9217329-heading  n2-ow\" target=\"_blank\" href=\"https:\/\/www.jordsand.de\/\"><div><div>Visit<\/div><\/div><\/a><\/div><\/div><\/div><\/div><div class=\"n2-ss-layer n2-ow n-uc-13116e89e3503\" data-pm=\"default\" data-sstype=\"col\"><div class=\"n2-ss-layer-col n2-ss-layer-with-background n2-ss-layer-content n-uc-13116e89e3503-inner\"><div class=\"n2-ss-layer n2-ow n-uc-7YF02ePPFzKH\" data-pm=\"normal\" data-sstype=\"layer\"><div class=\"n2-ss-item-image-content n2-ss-item-content n2-ow-all\"><img loading=\"lazy\" decoding=\"async\" id=\"n2-ss-3item5\" alt=\"\" class=\"skip-lazy\" width=\"569\" height=\"299\" data-skip-lazy=\"1\" src=\"\/\/jabiru-clothing.com\/wp-content\/uploads\/2023\/08\/Verein-Jordsand.png\" \/><\/div><\/div><\/div><\/div><\/div><\/div><\/div><\/div><\/div><\/div><\/div><\/div><div data-slide-duration=\"0\" data-id=\"7\" data-slide-public-id=\"2\" aria-hidden=\"true\" data-title=\"Slide 2\" class=\"n2-ss-slide n2-ow  n2-ss-slide-7\"><div role=\"note\" class=\"n2-ss-slide--focus\" tabindex=\"-1\">Slide 2<\/div><div class=\"n2-ss-layers-container n2-ss-slide-limiter n2-ow\"><div class=\"n2-ss-layer n2-ow n-uc-TmN2gdJQhRpI\" data-sstype=\"slide\" data-pm=\"default\"><div class=\"n2-ss-layer n2-ow n-uc-1bcf86987cbe4\" data-pm=\"default\" data-sstype=\"content\" data-hasbackground=\"0\"><div class=\"n2-ss-section-main-content n2-ss-layer-with-background n2-ss-layer-content n2-ow n-uc-1bcf86987cbe4-inner\"><div class=\"n2-ss-layer n2-ow n2-ss-layer--block n2-ss-has-self-align n-uc-141aa931f436e\" data-pm=\"normal\" data-sstype=\"row\"><div class=\"n2-ss-layer-row n2-ss-layer-with-background n-uc-141aa931f436e-inner\"><div class=\"n2-ss-layer-row-inner\"><div class=\"n2-ss-layer n2-ow n-uc-1c73b8f8a3847\" data-pm=\"default\" data-sstype=\"col\"><div class=\"n2-ss-layer-col n2-ss-layer-with-background n2-ss-layer-content n-uc-1c73b8f8a3847-inner\"><div class=\"n2-ss-layer n2-ow n-uc-P5VXZHv6OgY9 n2-ss-layer--auto\" data-pm=\"normal\" data-sstype=\"layer\"><div class=\"n2-ss-button-container n2-ss-item-content n2-ow n2-font-814e47b2a95773b61a167b443533c65f-link  n2-ss-nowrap n2-ss-button-container--non-full-width\"><a class=\"n2-style-aedd6eb6dfd144b3b96e0154082f6e94-heading  n2-ow\" onclick=\"return false;\" href=\"#\"><div><div>Conservation Partner<\/div><\/div><\/a><\/div><\/div><div class=\"n2-ss-layer n2-ow n-uc-Uaq3zYsx5zHl\" data-pm=\"normal\" data-sstype=\"layer\"><h2 id=\"n2-ss-3item7\" class=\"n2-font-43d0e74ec378be3c672a19fed4604675-hover   n2-ss-item-content n2-ss-text n2-ow\" style=\"display:block;\">Proyecto Cabanisi<\/h2><\/div><div class=\"n2-ss-layer n2-ow n-uc-PITdTMGygj21\" data-pm=\"normal\" data-sstype=\"layer\"><div class=\"n2-ss-item-content n2-ss-text n2-ow-all\"><div class=\"\"><p class=\"n2-font-0b1e04971db619f4673aa46c4b59cfa2-paragraph\">Ein Projekt f\u00fcr den Erhalt der endemischen Cabanis' Ground Sparrow in Costa Rica<\/p>\n<\/div><\/div><\/div><div class=\"n2-ss-layer n2-ow n-uc-NYk9xH9tb1Tt n2-ss-layer--auto\" data-pm=\"normal\" data-sstype=\"layer\"><div class=\"n2-ss-button-container n2-ss-item-content n2-ow n2-font-60b2b4d3b1f3a8f2ebb74160aa24f89e-link  n2-ss-nowrap n2-ss-button-container--non-full-width\"><a class=\"n2-style-8e61d0cf66797e4460e7c6545fb3b193-heading  n2-ow\" target=\"_blank\" href=\"https:\/\/www.facebook.com\/cabanisi\/?locale=es_LA\"><div><div>Visit<\/div><\/div><\/a><\/div><\/div><\/div><\/div><div class=\"n2-ss-layer n2-ow n-uc-10930cce5e62e\" data-pm=\"default\" data-sstype=\"col\"><div class=\"n2-ss-layer-col n2-ss-layer-with-background n2-ss-layer-content n-uc-10930cce5e62e-inner\"><div class=\"n2-ss-layer n2-ow n-uc-X7AOlywbnpxs\" data-pm=\"normal\" data-sstype=\"layer\"><div class=\"n2-ss-item-image-content n2-ss-item-content n2-ow-all\"><img decoding=\"async\" id=\"n2-ss-3item10\" alt=\"\" class=\"skip-lazy\" loading=\"lazy\" width=\"320\" height=\"320\" data-skip-lazy=\"1\" src=\"\/\/jabiru-clothing.com\/wp-content\/uploads\/2023\/08\/Proyecto-Cabanisi.png\" \/><\/div><\/div><\/div><\/div><\/div><\/div><\/div><\/div><\/div><\/div><\/div><\/div><div data-slide-duration=\"0\" data-id=\"8\" data-slide-public-id=\"3\" aria-hidden=\"true\" data-title=\"Slide 3\" class=\"n2-ss-slide n2-ow  n2-ss-slide-8\"><div role=\"note\" class=\"n2-ss-slide--focus\" tabindex=\"-1\">Slide 3<\/div><div class=\"n2-ss-layers-container n2-ss-slide-limiter n2-ow\"><div class=\"n2-ss-layer n2-ow n-uc-5isAFYFTI2pN\" data-sstype=\"slide\" data-pm=\"default\"><div class=\"n2-ss-layer n2-ow n-uc-119f66eb31e42\" data-pm=\"default\" data-sstype=\"content\" data-hasbackground=\"0\"><div class=\"n2-ss-section-main-content n2-ss-layer-with-background n2-ss-layer-content n2-ow n-uc-119f66eb31e42-inner\"><div class=\"n2-ss-layer n2-ow n2-ss-layer--block n2-ss-has-self-align n-uc-12b77186b1328\" data-pm=\"normal\" data-sstype=\"row\"><div class=\"n2-ss-layer-row n2-ss-layer-with-background n-uc-12b77186b1328-inner\"><div class=\"n2-ss-layer-row-inner\"><div class=\"n2-ss-layer n2-ow n-uc-15555616c1ac0\" data-pm=\"default\" data-sstype=\"col\"><div class=\"n2-ss-layer-col n2-ss-layer-with-background n2-ss-layer-content n-uc-15555616c1ac0-inner\"><div class=\"n2-ss-layer n2-ow n-uc-vnw4sa1FYRck n2-ss-layer--auto\" data-pm=\"normal\" data-sstype=\"layer\"><div class=\"n2-ss-button-container n2-ss-item-content n2-ow n2-font-6eb95aa0cd26f8ef45958cde25e9d268-link  n2-ss-nowrap n2-ss-button-container--non-full-width\"><a class=\"n2-style-aedd6eb6dfd144b3b96e0154082f6e94-heading  n2-ow\" onclick=\"return false;\" href=\"#\"><div><div>Conservation Partner<\/div><\/div><\/a><\/div><\/div><div class=\"n2-ss-layer n2-ow n-uc-VvsHmSz1Lm2K\" data-pm=\"normal\" data-sstype=\"layer\"><h2 id=\"n2-ss-3item12\" class=\"n2-font-4c5fda47dce91af52d522d5a5ef266e9-hover   n2-ss-item-content n2-ss-text n2-ow\" style=\"display:block;\">Guanacaste Dry Forest Conservation Fund<\/h2><\/div><div class=\"n2-ss-layer n2-ow n-uc-8vuuBAR9h8gR\" data-pm=\"normal\" data-sstype=\"layer\"><div class=\"n2-ss-item-content n2-ss-text n2-ow-all\"><div class=\"\"><p class=\"n2-font-a45c55aad8d9d6a635c66e556c2472e6-paragraph\">Ein Non-Profit f\u00fcr den langfristigen Erhalt der<br \/>\n\u00c1rea de Conservaci\u00f3n Guanacaste (ACG)<\/p>\n<\/div><\/div><\/div><div class=\"n2-ss-layer n2-ow n-uc-cUIQjOrj2BIR n2-ss-layer--auto\" data-pm=\"normal\" data-sstype=\"layer\"><div class=\"n2-ss-button-container n2-ss-item-content n2-ow n2-font-030e031006e606863055fcb7f57ba7e7-link  n2-ss-nowrap n2-ss-button-container--non-full-width\"><a class=\"n2-style-9803d4addcd2d19fb3cc47c51be5f08f-heading  n2-ow\" target=\"_blank\" href=\"https:\/\/www.gdfcf.org\/\"><div><div>Visit<\/div><\/div><\/a><\/div><\/div><\/div><\/div><div class=\"n2-ss-layer n2-ow n-uc-14babe20e1197\" data-pm=\"default\" data-sstype=\"col\"><div class=\"n2-ss-layer-col n2-ss-layer-with-background n2-ss-layer-content n-uc-14babe20e1197-inner\"><div class=\"n2-ss-layer n2-ow n-uc-6qRAcque94ZS\" data-pm=\"normal\" data-sstype=\"layer\"><div class=\"n2-ss-item-image-content n2-ss-item-content n2-ow-all\"><img decoding=\"async\" id=\"n2-ss-3item15\" alt=\"\" class=\"skip-lazy\" loading=\"lazy\" width=\"1106\" height=\"335\" data-skip-lazy=\"1\" src=\"\/\/jabiru-clothing.com\/wp-content\/uploads\/2023\/08\/GDFC.jpg\" \/><\/div><\/div><\/div><\/div><\/div><\/div><\/div><\/div><\/div><\/div><\/div><\/div>                    <\/div>\n\n                                    <\/div>\n            <\/div>\n        <\/div>\n        <div class=\"n2-ss-slider-controls n2-ss-slider-controls-absolute-left-center\"><div style=\"--widget-offset:5px;\" class=\"n2-ss-widget nextend-arrow n2-ow-all nextend-arrow-previous  nextend-arrow-animated-fade\" data-hide-mobileportrait=\"1\" id=\"n2-ss-3-arrow-previous\" role=\"button\" aria-label=\"previous arrow\" tabindex=\"0\"><img loading=\"lazy\" decoding=\"async\" width=\"32\" height=\"32\" class=\"skip-lazy\" data-skip-lazy=\"1\" src=\"data:image\/svg+xml;base64,PHN2ZyB3aWR0aD0iMzIiIGhlaWdodD0iMzIiIHZpZXdCb3g9IjAgMCAzMiAzMiIgeG1sbnM9Imh0dHA6Ly93d3cudzMub3JnLzIwMDAvc3ZnIj4KICAgIDxwYXRoIGQ9Ik0xMS40MzMgMTUuOTkyTDIyLjY5IDUuNzEyYy4zOTMtLjM5LjM5My0xLjAzIDAtMS40Mi0uMzkzLS4zOS0xLjAzLS4zOS0xLjQyMyAwbC0xMS45OCAxMC45NGMtLjIxLjIxLS4zLjQ5LS4yODUuNzYtLjAxNS4yOC4wNzUuNTYuMjg0Ljc3bDExLjk4IDEwLjk0Yy4zOTMuMzkgMS4wMy4zOSAxLjQyNCAwIC4zOTMtLjQuMzkzLTEuMDMgMC0xLjQybC0xMS4yNTctMTAuMjkiCiAgICAgICAgICBmaWxsPSIjYmI0YTI4IiBvcGFjaXR5PSIxIiBmaWxsLXJ1bGU9ImV2ZW5vZGQiLz4KPC9zdmc+\" alt=\"previous arrow\"><\/div><\/div><div class=\"n2-ss-slider-controls n2-ss-slider-controls-absolute-right-center\"><div style=\"--widget-offset:5px;\" class=\"n2-ss-widget nextend-arrow n2-ow-all nextend-arrow-next  nextend-arrow-animated-fade\" data-hide-mobileportrait=\"1\" id=\"n2-ss-3-arrow-next\" role=\"button\" aria-label=\"next arrow\" tabindex=\"0\"><img loading=\"lazy\" decoding=\"async\" width=\"32\" height=\"32\" class=\"skip-lazy\" data-skip-lazy=\"1\" src=\"data:image\/svg+xml;base64,PHN2ZyB3aWR0aD0iMzIiIGhlaWdodD0iMzIiIHZpZXdCb3g9IjAgMCAzMiAzMiIgeG1sbnM9Imh0dHA6Ly93d3cudzMub3JnLzIwMDAvc3ZnIj4KICAgIDxwYXRoIGQ9Ik0xMC43MjIgNC4yOTNjLS4zOTQtLjM5LTEuMDMyLS4zOS0xLjQyNyAwLS4zOTMuMzktLjM5MyAxLjAzIDAgMS40MmwxMS4yODMgMTAuMjgtMTEuMjgzIDEwLjI5Yy0uMzkzLjM5LS4zOTMgMS4wMiAwIDEuNDIuMzk1LjM5IDEuMDMzLjM5IDEuNDI3IDBsMTIuMDA3LTEwLjk0Yy4yMS0uMjEuMy0uNDkuMjg0LS43Ny4wMTQtLjI3LS4wNzYtLjU1LS4yODYtLjc2TDEwLjcyIDQuMjkzeiIKICAgICAgICAgIGZpbGw9IiNiYjRhMjgiIG9wYWNpdHk9IjEiIGZpbGwtcnVsZT0iZXZlbm9kZCIvPgo8L3N2Zz4=\" alt=\"next arrow\"><\/div><\/div><div class=\"n2-ss-slider-controls n2-ss-slider-controls-absolute-center-bottom\"><div style=\"--widget-offset:5px;\" class=\"n2-ss-widget n2-ss-control-bullet n2-ow-all n2-ss-control-bullet-horizontal\" data-hide-mobileportrait=\"1\"><div class=\"nextend-bullet-bar n2-bar-justify-content-center\" role=\"group\" aria-label=\"Choose slide to display.\"><div class=\"n2-bullet n2-style-ea99b4d0fd859b2164a6c7ffa9ba224e-dot\" style=\"visibility:hidden;\"><\/div><\/div><\/div><\/div><\/div><\/div><ss3-loader><\/ss3-loader><\/div><\/div><div class=\"n2_clear\"><\/div><\/div>","protected":false},"excerpt":{"rendered":"","protected":false},"author":1,"featured_media":0,"parent":0,"menu_order":0,"comment_status":"closed","ping_status":"closed","template":"page-templates\/template-pagebuilder-full-width.php","meta":{"neve_meta_sidebar":"full-width","neve_meta_container":"full-width","neve_meta_enable_content_width":"","neve_meta_content_width":0,"neve_meta_title_alignment":"","neve_meta_author_avatar":"","neve_post_elements_order":"","neve_meta_disable_header":"","neve_meta_disable_footer":"","neve_meta_disable_title":"","neve_meta_reading_time":"","_themeisle_gutenberg_block_has_review":false,"footnotes":""},"class_list":["post-679","page","type-page","status-publish","hentry"],"_links":{"self":[{"href":"https:\/\/jabiru-clothing.com\/de\/wp-json\/wp\/v2\/pages\/679","targetHints":{"allow":["GET"]}}],"collection":[{"href":"https:\/\/jabiru-clothing.com\/de\/wp-json\/wp\/v2\/pages"}],"about":[{"href":"https:\/\/jabiru-clothing.com\/de\/wp-json\/wp\/v2\/types\/page"}],"author":[{"embeddable":true,"href":"https:\/\/jabiru-clothing.com\/de\/wp-json\/wp\/v2\/users\/1"}],"replies":[{"embeddable":true,"href":"https:\/\/jabiru-clothing.com\/de\/wp-json\/wp\/v2\/comments?post=679"}],"version-history":[{"count":19,"href":"https:\/\/jabiru-clothing.com\/de\/wp-json\/wp\/v2\/pages\/679\/revisions"}],"predecessor-version":[{"id":1406,"href":"https:\/\/jabiru-clothing.com\/de\/wp-json\/wp\/v2\/pages\/679\/revisions\/1406"}],"wp:attachment":[{"href":"https:\/\/jabiru-clothing.com\/de\/wp-json\/wp\/v2\/media?parent=679"}],"curies":[{"name":"wp","href":"https:\/\/api.w.org\/{rel}","templated":true}]}}