{"id":350,"date":"2023-06-16T10:32:49","date_gmt":"2023-06-16T10:32:49","guid":{"rendered":"https:\/\/jabiru-clothing.com\/impressum\/"},"modified":"2024-01-16T16:30:55","modified_gmt":"2024-01-16T16:30:55","slug":"impressum","status":"publish","type":"page","link":"https:\/\/jabiru-clothing.com\/de\/impressum\/","title":{"rendered":"Impressum"},"content":{"rendered":"<p><strong>Die folgenden Angaben erf\u00fcllen die Vorgaben aus \u00a7 5 TMG:<\/strong><\/p>\n<p>Tim Schm\u00f6lzer<br \/>Friedrich-H\u00f6lscher-Str. 416<br \/>44328 Dortmund<\/p>\n<p><strong>Kontakt:<\/strong><\/p>\n<p>Telefonnummer: +49 177 8688816<br \/>E-Mail: info@jabiru-clothing.com<\/p>\n<p><strong>Umsatzsteuer-Identifikationsnummer:<\/strong> DE 362 563 234<\/p>\n<p><strong>Inhaltlich verantwortlich: <\/strong>Tim Schm\u00f6lzer, Adresse wie oben.<\/p>\n<p><strong>Plattform der Europ\u00e4ischen Kommission zur Online-Streitbeilegung (OS) f\u00fcr Verbraucher:<\/strong> https:\/\/ec.europa.eu\/consumers\/odr\/.<br \/>Wir sind nicht bereit und nicht verpflichtet an einem Streitbeilegungsverfahren vor einer Verbraucherschlichtungsstelle teilzunehmen.<\/p>\n\n\n<div style=\"height:100px\" aria-hidden=\"true\" class=\"wp-block-spacer\"><\/div>","protected":false},"excerpt":{"rendered":"<p>Die folgenden Angaben erf\u00fcllen die Vorgaben aus \u00a7 5 TMG: Tim Schm\u00f6lzerFriedrich-H\u00f6lscher-Str. 41644328 Dortmund Kontakt: Telefonnummer: +49 177 8688816E-Mail: info@jabiru-clothing.com Umsatzsteuer-Identifikationsnummer: DE 362 563 234 Inhaltlich verantwortlich: Tim Schm\u00f6lzer, Adresse wie oben. Plattform der Europ\u00e4ischen Kommission zur Online-Streitbeilegung (OS) f\u00fcr Verbraucher: https:\/\/ec.europa.eu\/consumers\/odr\/.Wir sind nicht bereit und nicht verpflichtet an einem Streitbeilegungsverfahren vor einer Verbraucherschlichtungsstelle teilzunehmen.<\/p>","protected":false},"author":1,"featured_media":0,"parent":0,"menu_order":0,"comment_status":"closed","ping_status":"closed","template":"","meta":{"neve_meta_sidebar":"","neve_meta_container":"","neve_meta_enable_content_width":"","neve_meta_content_width":0,"neve_meta_title_alignment":"","neve_meta_author_avatar":"","neve_post_elements_order":"","neve_meta_disable_header":"","neve_meta_disable_footer":"","neve_meta_disable_title":"","neve_meta_reading_time":"","_themeisle_gutenberg_block_has_review":false,"footnotes":""},"class_list":["post-350","page","type-page","status-publish","hentry"],"_links":{"self":[{"href":"https:\/\/jabiru-clothing.com\/de\/wp-json\/wp\/v2\/pages\/350","targetHints":{"allow":["GET"]}}],"collection":[{"href":"https:\/\/jabiru-clothing.com\/de\/wp-json\/wp\/v2\/pages"}],"about":[{"href":"https:\/\/jabiru-clothing.com\/de\/wp-json\/wp\/v2\/types\/page"}],"author":[{"embeddable":true,"href":"https:\/\/jabiru-clothing.com\/de\/wp-json\/wp\/v2\/users\/1"}],"replies":[{"embeddable":true,"href":"https:\/\/jabiru-clothing.com\/de\/wp-json\/wp\/v2\/comments?post=350"}],"version-history":[{"count":4,"href":"https:\/\/jabiru-clothing.com\/de\/wp-json\/wp\/v2\/pages\/350\/revisions"}],"predecessor-version":[{"id":1580,"href":"https:\/\/jabiru-clothing.com\/de\/wp-json\/wp\/v2\/pages\/350\/revisions\/1580"}],"wp:attachment":[{"href":"https:\/\/jabiru-clothing.com\/de\/wp-json\/wp\/v2\/media?parent=350"}],"curies":[{"name":"wp","href":"https:\/\/api.w.org\/{rel}","templated":true}]}}